{"id":122,"date":"2025-10-28T06:40:26","date_gmt":"2025-10-28T06:40:26","guid":{"rendered":"https:\/\/donghuonghaiphong.vn\/?page_id=122"},"modified":"2025-10-28T06:40:29","modified_gmt":"2025-10-28T06:40:29","slug":"cau-lac-bo","status":"publish","type":"page","link":"https:\/\/donghuonghaiphong.vn\/?page_id=122","title":{"rendered":"C\u00e2u L\u1ea1c B\u1ed9"},"content":{"rendered":"\n[et_pb_section fb_built=&#8221;1&#8243; theme_builder_area=&#8221;post_content&#8221; _builder_version=&#8221;4.27.4&#8243; _module_preset=&#8221;default&#8221;][et_pb_row _builder_version=&#8221;4.27.4&#8243; _module_preset=&#8221;default&#8221; theme_builder_area=&#8221;post_content&#8221;][et_pb_column _builder_version=&#8221;4.27.4&#8243; _module_preset=&#8221;default&#8221; type=&#8221;4_4&#8243; theme_builder_area=&#8221;post_content&#8221;][et_pb_text _builder_version=&#8221;4.27.4&#8243; _module_preset=&#8221;default&#8221; theme_builder_area=&#8221;post_content&#8221; hover_enabled=&#8221;0&#8243; sticky_enabled=&#8221;0&#8243; text_font=&#8221;&#8211;et_global_heading_font||||||||&#8221;]<h2>C\u00e2u L\u1ea1c B\u1ed9<\/h2>[\/et_pb_text][\/et_pb_column][\/et_pb_row][et_pb_row _builder_version=&#8221;4.27.4&#8243; _module_preset=&#8221;default&#8221; theme_builder_area=&#8221;post_content&#8221;][et_pb_column _builder_version=&#8221;4.27.4&#8243; _module_preset=&#8221;default&#8221; type=&#8221;4_4&#8243; theme_builder_area=&#8221;post_content&#8221;][et_pb_text _builder_version=&#8221;4.27.4&#8243; _module_preset=&#8221;default&#8221; theme_builder_area=&#8221;post_content&#8221; text_font=&#8221;&#8211;et_global_body_font||||||||&#8221; hover_enabled=&#8221;0&#8243; sticky_enabled=&#8221;0&#8243;]<h3>C\u00e1c t\u1ed5 ch\u1ee9c \u0111\u1ed3ng h\u01b0\u01a1ng tr\u1ef1c thu\u1ed9c H\u1ed9i hi\u1ec7n nay<\/h3>[\/et_pb_text][\/et_pb_column][\/et_pb_row][et_pb_row _builder_version=&#8221;4.27.4&#8243; _module_preset=&#8221;default&#8221; column_structure=&#8221;1_6,1_6,1_6,1_6,1_6,1_6&#8243; theme_builder_area=&#8221;post_content&#8221;][et_pb_column _builder_version=&#8221;4.27.4&#8243; _module_preset=&#8221;default&#8221; type=&#8221;1_6&#8243; theme_builder_area=&#8221;post_content&#8221;][et_pb_icon _builder_version=&#8221;4.27.4&#8243; _module_preset=&#8221;default&#8221; theme_builder_area=&#8221;post_content&#8221; background_color=&#8221;RGBA(255,255,255,0)&#8221; hover_enabled=&#8221;0&#8243; sticky_enabled=&#8221;0&#8243; font_icon=&#8221;&#xf450;||fa||900&#8243; icon_color=&#8221;#E02B20&#8243;][\/et_pb_icon][et_pb_text _builder_version=&#8221;4.27.4&#8243; _module_preset=&#8221;default&#8221; theme_builder_area=&#8221;post_content&#8221; hover_enabled=&#8221;0&#8243; sticky_enabled=&#8221;0&#8243;]<h4 style=\"text-align: center;\">C\u00e2u l\u1ea1c b\u1ed9<\/h4>\n<h4 style=\"text-align: center;\">Golf Hoa ph\u01b0\u1ee3ng<\/h4>[\/et_pb_text][\/et_pb_column][et_pb_column _builder_version=&#8221;4.27.4&#8243; _module_preset=&#8221;default&#8221; type=&#8221;1_6&#8243; theme_builder_area=&#8221;post_content&#8221;][et_pb_icon _builder_version=&#8221;4.27.4&#8243; _module_preset=&#8221;default&#8221; theme_builder_area=&#8221;post_content&#8221; font_icon=&#8221;&#xf5bb;||fa||900&#8243; hover_enabled=&#8221;0&#8243; sticky_enabled=&#8221;0&#8243; icon_color=&#8221;#E02B20&#8243;][\/et_pb_icon][et_pb_text _builder_version=&#8221;4.27.4&#8243; _module_preset=&#8221;default&#8221; theme_builder_area=&#8221;post_content&#8221; hover_enabled=&#8221;0&#8243; sticky_enabled=&#8221;0&#8243;]<h3 style=\"text-align: center;\">C\u00e2u l\u1ea1c b\u1ed9<\/h3>\n<h3 style=\"text-align: center;\">Sao \u0110\u1ecf<\/h3>[\/et_pb_text][\/et_pb_column][et_pb_column _builder_version=&#8221;4.27.4&#8243; _module_preset=&#8221;default&#8221; type=&#8221;1_6&#8243; theme_builder_area=&#8221;post_content&#8221;][et_pb_icon _builder_version=&#8221;4.27.4&#8243; _module_preset=&#8221;default&#8221; theme_builder_area=&#8221;post_content&#8221; font_icon=&#8221;&#xf530;||fa||900&#8243; hover_enabled=&#8221;0&#8243; sticky_enabled=&#8221;0&#8243; icon_color=&#8221;#E02B20&#8243;][\/et_pb_icon][et_pb_text _builder_version=&#8221;4.27.4&#8243; _module_preset=&#8221;default&#8221; theme_builder_area=&#8221;post_content&#8221; hover_enabled=&#8221;0&#8243; sticky_enabled=&#8221;0&#8243;]<h3 style=\"text-align: center;\">C\u00e2u l\u1ea1c b\u1ed9<\/h3>\n<h3 style=\"text-align: center;\">Tr\u00ed th\u1ee9c, b\u00e1o ch\u00ed, v\u0103n ngh\u1ec7 s\u1ef9 \u0111\u1ed3ng h\u01b0\u01a1ng H\u1ea3i Ph\u00f2ng t\u1ea1i H\u00e0 N\u1ed9i<\/h3>[\/et_pb_text][\/et_pb_column][et_pb_column _builder_version=&#8221;4.27.4&#8243; _module_preset=&#8221;default&#8221; type=&#8221;1_6&#8243; theme_builder_area=&#8221;post_content&#8221;][et_pb_icon _builder_version=&#8221;4.27.4&#8243; _module_preset=&#8221;default&#8221; theme_builder_area=&#8221;post_content&#8221; font_icon=&#8221;&#xf508;||fa||900&#8243; hover_enabled=&#8221;0&#8243; sticky_enabled=&#8221;0&#8243; icon_color=&#8221;#E02B20&#8243;][\/et_pb_icon][et_pb_text _builder_version=&#8221;4.27.4&#8243; _module_preset=&#8221;default&#8221; theme_builder_area=&#8221;post_content&#8221; hover_enabled=&#8221;0&#8243; sticky_enabled=&#8221;0&#8243; text_font=&#8221;&#8211;et_global_heading_font||||||||&#8221;]<h3 style=\"text-align: center;\">C\u00e2u l\u1ea1c b\u1ed9<\/h3>\n<h3 style=\"text-align: center;\">Doanh nh\u00e2n \u0111\u1ed3ng h\u01b0\u01a1ng H\u1ea3i Ph\u00f2ng t\u1ea1i H\u00e0 N\u1ed9i<\/h3>[\/et_pb_text][\/et_pb_column][et_pb_column _builder_version=&#8221;4.27.4&#8243; _module_preset=&#8221;default&#8221; type=&#8221;1_6&#8243; theme_builder_area=&#8221;post_content&#8221;][et_pb_icon _builder_version=&#8221;4.27.4&#8243; _module_preset=&#8221;default&#8221; theme_builder_area=&#8221;post_content&#8221; font_icon=&#8221;&#xf19d;||fa||900&#8243; hover_enabled=&#8221;0&#8243; sticky_enabled=&#8221;0&#8243; icon_color=&#8221;#E02B20&#8243;][\/et_pb_icon][et_pb_text _builder_version=&#8221;4.27.4&#8243; _module_preset=&#8221;default&#8221; theme_builder_area=&#8221;post_content&#8221; hover_enabled=&#8221;0&#8243; sticky_enabled=&#8221;0&#8243;]<h3 style=\"text-align: center;\">Phong tr\u00e0o<\/h3>\n<h3 style=\"text-align: center;\">Sinh vi\u00ean \u0111\u1ed3ng h\u01b0\u01a1ng<\/h3>[\/et_pb_text][\/et_pb_column][et_pb_column _builder_version=&#8221;4.27.4&#8243; _module_preset=&#8221;default&#8221; type=&#8221;1_6&#8243; theme_builder_area=&#8221;post_content&#8221;][et_pb_icon _builder_version=&#8221;4.27.4&#8243; _module_preset=&#8221;default&#8221; theme_builder_area=&#8221;post_content&#8221; font_icon=&#8221;&#xf0f0;||fa||900&#8243; hover_enabled=&#8221;0&#8243; sticky_enabled=&#8221;0&#8243; icon_color=&#8221;#E02B20&#8243;][\/et_pb_icon][et_pb_text _builder_version=&#8221;4.27.4&#8243; _module_preset=&#8221;default&#8221; theme_builder_area=&#8221;post_content&#8221; hover_enabled=&#8221;0&#8243; sticky_enabled=&#8221;0&#8243;]<h3 style=\"text-align: center;\">C\u00e2u l\u1ea1c b\u1ed9<\/h3>\n<h3 style=\"text-align: center;\">Th\u1ea7y thu\u1ed1c Hoa ph\u01b0\u1ee3ng \u0111\u1ecf<\/h3>[\/et_pb_text][\/et_pb_column][\/et_pb_row][\/et_pb_section]\n","protected":false},"excerpt":{"rendered":"<p>C\u00e2u L\u1ea1c B\u1ed9C\u00e1c t\u1ed5 ch\u1ee9c \u0111\u1ed3ng h\u01b0\u01a1ng tr\u1ef1c thu\u1ed9c H\u1ed9i hi\u1ec7n nayC\u00e2u l\u1ea1c b\u1ed9 Golf Hoa ph\u01b0\u1ee3ngC\u00e2u l\u1ea1c b\u1ed9 Sao \u0110\u1ecfC\u00e2u l\u1ea1c b\u1ed9 Tr\u00ed th\u1ee9c, b\u00e1o ch\u00ed, v\u0103n ngh\u1ec7 s\u1ef9 \u0111\u1ed3ng h\u01b0\u01a1ng H\u1ea3i Ph\u00f2ng t\u1ea1i H\u00e0 N\u1ed9iC\u00e2u l\u1ea1c b\u1ed9 Doanh nh\u00e2n \u0111\u1ed3ng h\u01b0\u01a1ng H\u1ea3i Ph\u00f2ng t\u1ea1i H\u00e0 N\u1ed9iPhong tr\u00e0o Sinh vi\u00ean \u0111\u1ed3ng h\u01b0\u01a1ngC\u00e2u l\u1ea1c b\u1ed9 [&hellip;]<\/p>\n","protected":false},"author":1,"featured_media":0,"parent":0,"menu_order":0,"comment_status":"closed","ping_status":"closed","template":"","meta":{"_et_pb_use_builder":"on","_et_pb_old_content":"","_et_gb_content_width":"","footnotes":""},"class_list":["post-122","page","type-page","status-publish","hentry"],"yoast_head":"<!-- This site is optimized with the Yoast SEO plugin v26.4 - https:\/\/yoast.com\/wordpress\/plugins\/seo\/ -->\n<title>C\u00e2u L\u1ea1c B\u1ed9 - \u0110\u1ed3ng H\u01b0\u01a1ng H\u1ea3i Ph\u00f2ng<\/title>\n<meta name=\"robots\" content=\"index, follow, max-snippet:-1, max-image-preview:large, max-video-preview:-1\" \/>\n<link rel=\"canonical\" href=\"https:\/\/donghuonghaiphong.vn\/?page_id=122\" \/>\n<meta property=\"og:locale\" content=\"vi_VN\" \/>\n<meta property=\"og:type\" content=\"article\" \/>\n<meta property=\"og:title\" content=\"C\u00e2u L\u1ea1c B\u1ed9 - \u0110\u1ed3ng H\u01b0\u01a1ng H\u1ea3i Ph\u00f2ng\" \/>\n<meta property=\"og:description\" content=\"C\u00e2u L\u1ea1c B\u1ed9C\u00e1c t\u1ed5 ch\u1ee9c \u0111\u1ed3ng h\u01b0\u01a1ng tr\u1ef1c thu\u1ed9c H\u1ed9i hi\u1ec7n nayC\u00e2u l\u1ea1c b\u1ed9 Golf Hoa ph\u01b0\u1ee3ngC\u00e2u l\u1ea1c b\u1ed9 Sao \u0110\u1ecfC\u00e2u l\u1ea1c b\u1ed9 Tr\u00ed th\u1ee9c, b\u00e1o ch\u00ed, v\u0103n ngh\u1ec7 s\u1ef9 \u0111\u1ed3ng h\u01b0\u01a1ng H\u1ea3i Ph\u00f2ng t\u1ea1i H\u00e0 N\u1ed9iC\u00e2u l\u1ea1c b\u1ed9 Doanh nh\u00e2n \u0111\u1ed3ng h\u01b0\u01a1ng H\u1ea3i Ph\u00f2ng t\u1ea1i H\u00e0 N\u1ed9iPhong tr\u00e0o Sinh vi\u00ean \u0111\u1ed3ng h\u01b0\u01a1ngC\u00e2u l\u1ea1c b\u1ed9 [&hellip;]\" \/>\n<meta property=\"og:url\" content=\"https:\/\/donghuonghaiphong.vn\/?page_id=122\" \/>\n<meta property=\"og:site_name\" content=\"\u0110\u1ed3ng H\u01b0\u01a1ng H\u1ea3i Ph\u00f2ng\" \/>\n<meta property=\"article:modified_time\" content=\"2025-10-28T06:40:29+00:00\" \/>\n<meta name=\"twitter:card\" content=\"summary_large_image\" \/>\n<meta name=\"twitter:label1\" content=\"\u01af\u1edbc t\u00ednh th\u1eddi gian \u0111\u1ecdc\" \/>\n\t<meta name=\"twitter:data1\" content=\"3 ph\u00fat\" \/>\n<script type=\"application\/ld+json\" class=\"yoast-schema-graph\">{\"@context\":\"https:\/\/schema.org\",\"@graph\":[{\"@type\":\"WebPage\",\"@id\":\"https:\/\/donghuonghaiphong.vn\/?page_id=122\",\"url\":\"https:\/\/donghuonghaiphong.vn\/?page_id=122\",\"name\":\"C\u00e2u L\u1ea1c B\u1ed9 - \u0110\u1ed3ng H\u01b0\u01a1ng H\u1ea3i Ph\u00f2ng\",\"isPartOf\":{\"@id\":\"https:\/\/donghuonghaiphong.vn\/#website\"},\"datePublished\":\"2025-10-28T06:40:26+00:00\",\"dateModified\":\"2025-10-28T06:40:29+00:00\",\"breadcrumb\":{\"@id\":\"https:\/\/donghuonghaiphong.vn\/?page_id=122#breadcrumb\"},\"inLanguage\":\"vi\",\"potentialAction\":[{\"@type\":\"ReadAction\",\"target\":[\"https:\/\/donghuonghaiphong.vn\/?page_id=122\"]}]},{\"@type\":\"BreadcrumbList\",\"@id\":\"https:\/\/donghuonghaiphong.vn\/?page_id=122#breadcrumb\",\"itemListElement\":[{\"@type\":\"ListItem\",\"position\":1,\"name\":\"Home\",\"item\":\"https:\/\/donghuonghaiphong.vn\/\"},{\"@type\":\"ListItem\",\"position\":2,\"name\":\"C\u00e2u L\u1ea1c B\u1ed9\"}]},{\"@type\":\"WebSite\",\"@id\":\"https:\/\/donghuonghaiphong.vn\/#website\",\"url\":\"https:\/\/donghuonghaiphong.vn\/\",\"name\":\"\u0110\u1ed3ng H\u01b0\u01a1ng H\u1ea3i Ph\u00f2ng\",\"description\":\"\",\"publisher\":{\"@id\":\"https:\/\/donghuonghaiphong.vn\/#organization\"},\"potentialAction\":[{\"@type\":\"SearchAction\",\"target\":{\"@type\":\"EntryPoint\",\"urlTemplate\":\"https:\/\/donghuonghaiphong.vn\/?s={search_term_string}\"},\"query-input\":{\"@type\":\"PropertyValueSpecification\",\"valueRequired\":true,\"valueName\":\"search_term_string\"}}],\"inLanguage\":\"vi\"},{\"@type\":\"Organization\",\"@id\":\"https:\/\/donghuonghaiphong.vn\/#organization\",\"name\":\"\u0110\u1ed3ng H\u01b0\u01a1ng H\u1ea3i Ph\u00f2ng\",\"url\":\"https:\/\/donghuonghaiphong.vn\/\",\"logo\":{\"@type\":\"ImageObject\",\"inLanguage\":\"vi\",\"@id\":\"https:\/\/donghuonghaiphong.vn\/#\/schema\/logo\/image\/\",\"url\":\"https:\/\/donghuonghaiphong.vn\/wp-content\/uploads\/2025\/10\/logo-HDH-HP-01-Copy-1.png\",\"contentUrl\":\"https:\/\/donghuonghaiphong.vn\/wp-content\/uploads\/2025\/10\/logo-HDH-HP-01-Copy-1.png\",\"width\":1182,\"height\":1182,\"caption\":\"\u0110\u1ed3ng H\u01b0\u01a1ng H\u1ea3i Ph\u00f2ng\"},\"image\":{\"@id\":\"https:\/\/donghuonghaiphong.vn\/#\/schema\/logo\/image\/\"}}]}<\/script>\n<!-- \/ Yoast SEO plugin. -->","yoast_head_json":{"title":"C\u00e2u L\u1ea1c B\u1ed9 - \u0110\u1ed3ng H\u01b0\u01a1ng H\u1ea3i Ph\u00f2ng","robots":{"index":"index","follow":"follow","max-snippet":"max-snippet:-1","max-image-preview":"max-image-preview:large","max-video-preview":"max-video-preview:-1"},"canonical":"https:\/\/donghuonghaiphong.vn\/?page_id=122","og_locale":"vi_VN","og_type":"article","og_title":"C\u00e2u L\u1ea1c B\u1ed9 - \u0110\u1ed3ng H\u01b0\u01a1ng H\u1ea3i Ph\u00f2ng","og_description":"C\u00e2u L\u1ea1c B\u1ed9C\u00e1c t\u1ed5 ch\u1ee9c \u0111\u1ed3ng h\u01b0\u01a1ng tr\u1ef1c thu\u1ed9c H\u1ed9i hi\u1ec7n nayC\u00e2u l\u1ea1c b\u1ed9 Golf Hoa ph\u01b0\u1ee3ngC\u00e2u l\u1ea1c b\u1ed9 Sao \u0110\u1ecfC\u00e2u l\u1ea1c b\u1ed9 Tr\u00ed th\u1ee9c, b\u00e1o ch\u00ed, v\u0103n ngh\u1ec7 s\u1ef9 \u0111\u1ed3ng h\u01b0\u01a1ng H\u1ea3i Ph\u00f2ng t\u1ea1i H\u00e0 N\u1ed9iC\u00e2u l\u1ea1c b\u1ed9 Doanh nh\u00e2n \u0111\u1ed3ng h\u01b0\u01a1ng H\u1ea3i Ph\u00f2ng t\u1ea1i H\u00e0 N\u1ed9iPhong tr\u00e0o Sinh vi\u00ean \u0111\u1ed3ng h\u01b0\u01a1ngC\u00e2u l\u1ea1c b\u1ed9 [&hellip;]","og_url":"https:\/\/donghuonghaiphong.vn\/?page_id=122","og_site_name":"\u0110\u1ed3ng H\u01b0\u01a1ng H\u1ea3i Ph\u00f2ng","article_modified_time":"2025-10-28T06:40:29+00:00","twitter_card":"summary_large_image","twitter_misc":{"\u01af\u1edbc t\u00ednh th\u1eddi gian \u0111\u1ecdc":"3 ph\u00fat"},"schema":{"@context":"https:\/\/schema.org","@graph":[{"@type":"WebPage","@id":"https:\/\/donghuonghaiphong.vn\/?page_id=122","url":"https:\/\/donghuonghaiphong.vn\/?page_id=122","name":"C\u00e2u L\u1ea1c B\u1ed9 - \u0110\u1ed3ng H\u01b0\u01a1ng H\u1ea3i Ph\u00f2ng","isPartOf":{"@id":"https:\/\/donghuonghaiphong.vn\/#website"},"datePublished":"2025-10-28T06:40:26+00:00","dateModified":"2025-10-28T06:40:29+00:00","breadcrumb":{"@id":"https:\/\/donghuonghaiphong.vn\/?page_id=122#breadcrumb"},"inLanguage":"vi","potentialAction":[{"@type":"ReadAction","target":["https:\/\/donghuonghaiphong.vn\/?page_id=122"]}]},{"@type":"BreadcrumbList","@id":"https:\/\/donghuonghaiphong.vn\/?page_id=122#breadcrumb","itemListElement":[{"@type":"ListItem","position":1,"name":"Home","item":"https:\/\/donghuonghaiphong.vn\/"},{"@type":"ListItem","position":2,"name":"C\u00e2u L\u1ea1c B\u1ed9"}]},{"@type":"WebSite","@id":"https:\/\/donghuonghaiphong.vn\/#website","url":"https:\/\/donghuonghaiphong.vn\/","name":"\u0110\u1ed3ng H\u01b0\u01a1ng H\u1ea3i Ph\u00f2ng","description":"","publisher":{"@id":"https:\/\/donghuonghaiphong.vn\/#organization"},"potentialAction":[{"@type":"SearchAction","target":{"@type":"EntryPoint","urlTemplate":"https:\/\/donghuonghaiphong.vn\/?s={search_term_string}"},"query-input":{"@type":"PropertyValueSpecification","valueRequired":true,"valueName":"search_term_string"}}],"inLanguage":"vi"},{"@type":"Organization","@id":"https:\/\/donghuonghaiphong.vn\/#organization","name":"\u0110\u1ed3ng H\u01b0\u01a1ng H\u1ea3i Ph\u00f2ng","url":"https:\/\/donghuonghaiphong.vn\/","logo":{"@type":"ImageObject","inLanguage":"vi","@id":"https:\/\/donghuonghaiphong.vn\/#\/schema\/logo\/image\/","url":"https:\/\/donghuonghaiphong.vn\/wp-content\/uploads\/2025\/10\/logo-HDH-HP-01-Copy-1.png","contentUrl":"https:\/\/donghuonghaiphong.vn\/wp-content\/uploads\/2025\/10\/logo-HDH-HP-01-Copy-1.png","width":1182,"height":1182,"caption":"\u0110\u1ed3ng H\u01b0\u01a1ng H\u1ea3i Ph\u00f2ng"},"image":{"@id":"https:\/\/donghuonghaiphong.vn\/#\/schema\/logo\/image\/"}}]}},"_links":{"self":[{"href":"https:\/\/donghuonghaiphong.vn\/index.php?rest_route=\/wp\/v2\/pages\/122","targetHints":{"allow":["GET"]}}],"collection":[{"href":"https:\/\/donghuonghaiphong.vn\/index.php?rest_route=\/wp\/v2\/pages"}],"about":[{"href":"https:\/\/donghuonghaiphong.vn\/index.php?rest_route=\/wp\/v2\/types\/page"}],"author":[{"embeddable":true,"href":"https:\/\/donghuonghaiphong.vn\/index.php?rest_route=\/wp\/v2\/users\/1"}],"replies":[{"embeddable":true,"href":"https:\/\/donghuonghaiphong.vn\/index.php?rest_route=%2Fwp%2Fv2%2Fcomments&post=122"}],"version-history":[{"count":3,"href":"https:\/\/donghuonghaiphong.vn\/index.php?rest_route=\/wp\/v2\/pages\/122\/revisions"}],"predecessor-version":[{"id":126,"href":"https:\/\/donghuonghaiphong.vn\/index.php?rest_route=\/wp\/v2\/pages\/122\/revisions\/126"}],"wp:attachment":[{"href":"https:\/\/donghuonghaiphong.vn\/index.php?rest_route=%2Fwp%2Fv2%2Fmedia&parent=122"}],"curies":[{"name":"wp","href":"https:\/\/api.w.org\/{rel}","templated":true}]}}